{"id":408,"date":"2026-03-01T20:49:20","date_gmt":"2026-03-01T20:49:20","guid":{"rendered":"https:\/\/minitehnika.lv\/?page_id=408"},"modified":"2026-03-03T19:44:24","modified_gmt":"2026-03-03T19:44:24","slug":"galvena","status":"publish","type":"page","link":"https:\/\/minitehnika.lv\/","title":{"rendered":"Galven\u0101"},"content":{"rendered":"\n<h1 class=\"wp-block-heading has-text-align-center has-ibm-plex-mono-font-family has-x-large-font-size\" style=\"font-style:normal;font-weight:500;line-height:1.3\">MINI EKSKAVATORA UN<br>IEKR\u0100V\u0112JA PAKALPOJUMI<\/h1>\n\n\n\n<p class=\"has-text-align-center wp-block-paragraph\">Str\u0101d\u0101jam Zemgal\u0113, Vidzem\u0113, Kurzem\u0113. B\u0101zes vieta \u2013 Dobele.<\/p>\n\n\n\n<figure class=\"wp-block-image size-full\"><img loading=\"lazy\" decoding=\"async\" width=\"994\" height=\"862\" src=\"https:\/\/minitehnika.lv\/wp-content\/uploads\/2025\/12\/traktortehnika.png\" alt=\"\" class=\"wp-image-27\" srcset=\"https:\/\/minitehnika.lv\/wp-content\/uploads\/2025\/12\/traktortehnika.png 994w, https:\/\/minitehnika.lv\/wp-content\/uploads\/2025\/12\/traktortehnika-300x260.png 300w, https:\/\/minitehnika.lv\/wp-content\/uploads\/2025\/12\/traktortehnika-768x666.png 768w\" sizes=\"auto, (max-width: 994px) 100vw, 994px\" \/><\/figure>\n\n\n\n<h2 class=\"wp-block-heading has-text-align-center has-ibm-plex-mono-font-family\" style=\"font-size:clamp(0.875rem, 0.875rem + ((1vw - 0.2rem) * 0.708), 1.3rem);\">M\u016bsu tehnika ir kompakta un piem\u0113rota darbam \u0161aur\u0101s viet\u0101s \u2013 starp \u0113k\u0101m, pagalmos un teritorij\u0101s, kur liel\u0101 tehnika netiek kl\u0101t. Str\u0101d\u0101jam saudz\u012bgi, minim\u0101li boj\u0101jot z\u0101lienu un citu segumu, pa kuru p\u0101rvietojamies.<\/h2>\n\n\n\n<p class=\"wp-block-paragraph\"><\/p>\n\n\n\n<div style=\"height:55px\" aria-hidden=\"true\" class=\"wp-block-spacer\"><\/div>\n\n\n\n<div class=\"wp-block-columns is-layout-flex wp-container-core-columns-is-layout-3a88641f wp-block-columns-is-layout-flex\">\n<div class=\"wp-block-column is-layout-flow wp-block-column-is-layout-flow\">\n<h2 class=\"wp-block-heading has-text-align-center has-ibm-plex-mono-font-family\" style=\"font-size:clamp(0.875rem, 0.875rem + ((1vw - 0.2rem) * 0.708), 1.3rem);\"><a href=\"https:\/\/minitehnika.lv\/?page_id=205\" data-type=\"page\" data-id=\"205\">Mini ekskavatora pakalpojumi<\/a><\/h2>\n\n\n\n<p class=\"has-text-align-center has-ibm-plex-mono-font-family wp-block-paragraph\">Ar mini ekskavatoru veicam:<\/p>\n\n\n\n<ul class=\"wp-block-list\">\n<li style=\"font-size:13px\">Tran\u0161eju rak\u0161anu elektr\u012bbas kabe\u013ciem, \u016bdensvadiem, kanaliz\u0101cijai un dren\u0101\u017e\u0101m<\/li>\n\n\n\n<li style=\"font-size:13px\">Noteku un komunik\u0101ciju izb\u016bves sagatavo\u0161anu<\/li>\n\n\n\n<li style=\"font-size:13px\">Nelielu gr\u0101vju rak\u0161anu vai atjauno\u0161anu<\/li>\n\n\n\n<li style=\"font-size:13px\">Zemes virsk\u0101rtas no\u0146em\u0161anu<\/li>\n\n\n\n<li style=\"font-size:13px\">Teritorijas plan\u0113\u0161anu un l\u012bdzin\u0101\u0161anu<\/li>\n\n\n\n<li style=\"font-size:13px\">Pamatu atrak\u0161anu siltin\u0101\u0161anai vai hidroizol\u0101cijai<\/li>\n\n\n\n<li style=\"font-size:13px\">Kr\u016bmu, nelielu celmu un sak\u0146u izrak\u0161anu<\/li>\n\n\n\n<li style=\"font-size:13px\">Citus zemes darbus, kas paveicami ar mini ekskavatoru<\/li>\n<\/ul>\n<\/div>\n\n\n\n<div class=\"wp-block-column is-layout-flow wp-block-column-is-layout-flow\">\n<h2 class=\"wp-block-heading has-text-align-center has-ibm-plex-mono-font-family\" style=\"font-size:clamp(0.875rem, 0.875rem + ((1vw - 0.2rem) * 0.708), 1.3rem);\"><a href=\"https:\/\/minitehnika.lv\/?page_id=223\" data-type=\"page\" data-id=\"223\">Mini iekr\u0101v\u0113ja pakalpojumi (Bobcat)<\/a><\/h2>\n\n\n\n<p class=\"has-text-align-center has-ibm-plex-mono-font-family wp-block-paragraph\">Ar mini iekr\u0101v\u0113ju nodro\u0161in\u0101m:<\/p>\n\n\n\n<ul class=\"wp-block-list\">\n<li style=\"font-size:13px\">Smilts, melnzemes un \u0161\u0137embu p\u0101rvieto\u0161anu<\/li>\n\n\n\n<li style=\"font-size:13px\">Materi\u0101lu izl\u012bdzin\u0101\u0161anu un teritorijas plan\u0113\u0161anu<\/li>\n\n\n\n<li style=\"font-size:13px\">Vec\u0101s grunts virsk\u0101rtas no\u0146em\u0161anu<\/li>\n\n\n\n<li style=\"font-size:13px\">Augsnes fr\u0113z\u0113\u0161anu un sagatavo\u0161anu z\u0101liena ier\u012bko\u0161anai<\/li>\n\n\n\n<li style=\"font-size:13px\">Da\u017e\u0101du materi\u0101lu un priek\u0161metu p\u0101rvieto\u0161anu objekt\u0101<\/li>\n<\/ul>\n\n\n\n<p class=\"wp-block-paragraph\"><\/p>\n<\/div>\n<\/div>\n","protected":false},"excerpt":{"rendered":"<p>MINI EKSKAVATORA UNIEKR\u0100V\u0112JA PAKALPOJUMI Str\u0101d\u0101jam Zemgal\u0113, Vidzem\u0113, Kurzem\u0113. B\u0101zes vieta \u2013 Dobele. M\u016bsu tehnika ir kompakta un piem\u0113rota darbam \u0161aur\u0101s viet\u0101s \u2013 starp \u0113k\u0101m, pagalmos un teritorij\u0101s, kur liel\u0101 tehnika netiek kl\u0101t. Str\u0101d\u0101jam saudz\u012bgi, minim\u0101li boj\u0101jot z\u0101lienu un citu segumu, pa kuru p\u0101rvietojamies. Mini ekskavatora pakalpojumi Ar mini ekskavatoru veicam: Mini iekr\u0101v\u0113ja pakalpojumi (Bobcat) Ar [&hellip;]<\/p>\n","protected":false},"author":1,"featured_media":0,"parent":0,"menu_order":0,"comment_status":"closed","ping_status":"closed","template":"","meta":{"_crdt_document":"","footnotes":""},"class_list":["post-408","page","type-page","status-publish","hentry"],"jetpack_shortlink":"https:\/\/wp.me\/Ph7ziL-6A","_links":{"self":[{"href":"https:\/\/minitehnika.lv\/index.php?rest_route=\/wp\/v2\/pages\/408","targetHints":{"allow":["GET"]}}],"collection":[{"href":"https:\/\/minitehnika.lv\/index.php?rest_route=\/wp\/v2\/pages"}],"about":[{"href":"https:\/\/minitehnika.lv\/index.php?rest_route=\/wp\/v2\/types\/page"}],"author":[{"embeddable":true,"href":"https:\/\/minitehnika.lv\/index.php?rest_route=\/wp\/v2\/users\/1"}],"replies":[{"embeddable":true,"href":"https:\/\/minitehnika.lv\/index.php?rest_route=%2Fwp%2Fv2%2Fcomments&post=408"}],"version-history":[{"count":14,"href":"https:\/\/minitehnika.lv\/index.php?rest_route=\/wp\/v2\/pages\/408\/revisions"}],"predecessor-version":[{"id":448,"href":"https:\/\/minitehnika.lv\/index.php?rest_route=\/wp\/v2\/pages\/408\/revisions\/448"}],"wp:attachment":[{"href":"https:\/\/minitehnika.lv\/index.php?rest_route=%2Fwp%2Fv2%2Fmedia&parent=408"}],"curies":[{"name":"wp","href":"https:\/\/api.w.org\/{rel}","templated":true}]}}